{"id":75,"date":"2019-01-19T21:39:58","date_gmt":"2019-01-19T21:39:58","guid":{"rendered":"http:\/\/age-on-stage.de\/?page_id=75"},"modified":"2019-01-24T21:50:00","modified_gmt":"2019-01-24T21:50:00","slug":"wolfgang","status":"publish","type":"page","link":"http:\/\/age-on-stage.de\/?page_id=75","title":{"rendered":"Wolfgang"},"content":{"rendered":"\n<p>Als Wolfgang am Ende seines Studiums zur\u00fcck in die Stadt kam, beschloss er mit zwei fr\u00fcheren Weggef\u00e4hrten, dem Rock  wieder mehr Geltung in seinem Leben zu verschaffen. In dieser 3Ex-Formation schuf er sich einen Ruf als DER regionale Hendrix und Who-Gitarrero, seine Townshend-Luftspr\u00fcnge sind bekannt in Stadt und Land. Warum er erst vor wenigen Jahren zu AGE ON STAGE gesto\u00dfen ist, scheint uns heute ein R\u00e4tsel.<\/p>\n\n\n\n<div class=\"wp-block-image\"><figure class=\"alignleft\"><img loading=\"lazy\" decoding=\"async\" width=\"400\" height=\"433\" src=\"http:\/\/age-on-stage.de\/wp-content\/uploads\/2019\/01\/wolfgang2.jpg\" alt=\"\" class=\"wp-image-42\" srcset=\"http:\/\/age-on-stage.de\/wp-content\/uploads\/2019\/01\/wolfgang2.jpg 400w, http:\/\/age-on-stage.de\/wp-content\/uploads\/2019\/01\/wolfgang2-277x300.jpg 277w\" sizes=\"auto, (max-width: 400px) 100vw, 400px\" \/><\/figure><\/div>\n\n\n\n<p>Jedenfalls ist so zusammen gewachsen, was zusammen geh\u00f6rt und wir sind froh, dass er&#8217;s mit Fender Strat oder Gibson SG nun auch bei uns krachen l\u00e4sst &#8211; egal ob Jimi Hendrix, Gary Moore, Eric Clapton &#8230; &#8211; er hat&#8217;s einfach drauf!<\/p>\n\n\n<p><!--EndFragment--><\/p>\n<p><\/p>","protected":false},"excerpt":{"rendered":"<p>Als Wolfgang am Ende seines Studiums zur\u00fcck in die Stadt kam, beschloss er mit zwei fr\u00fcheren Weggef\u00e4hrten, dem Rock wieder mehr Geltung in seinem Leben zu verschaffen. In dieser 3Ex-Formation schuf er sich einen Ruf als DER regionale Hendrix und Who-Gitarrero, seine Townshend-Luftspr\u00fcnge sind bekannt in Stadt und Land. Warum er erst vor wenigen Jahren &hellip; <\/p>\n<p class=\"link-more\"><a href=\"http:\/\/age-on-stage.de\/?page_id=75\" class=\"more-link\">Continue reading<span class=\"screen-reader-text\"> &#8222;Wolfgang&#8220;<\/span><\/a><\/p>\n","protected":false},"author":1,"featured_media":0,"parent":0,"menu_order":0,"comment_status":"closed","ping_status":"closed","template":"","meta":{"footnotes":""},"class_list":["post-75","page","type-page","status-publish","hentry"],"_links":{"self":[{"href":"http:\/\/age-on-stage.de\/index.php?rest_route=\/wp\/v2\/pages\/75","targetHints":{"allow":["GET"]}}],"collection":[{"href":"http:\/\/age-on-stage.de\/index.php?rest_route=\/wp\/v2\/pages"}],"about":[{"href":"http:\/\/age-on-stage.de\/index.php?rest_route=\/wp\/v2\/types\/page"}],"author":[{"embeddable":true,"href":"http:\/\/age-on-stage.de\/index.php?rest_route=\/wp\/v2\/users\/1"}],"replies":[{"embeddable":true,"href":"http:\/\/age-on-stage.de\/index.php?rest_route=%2Fwp%2Fv2%2Fcomments&post=75"}],"version-history":[{"count":4,"href":"http:\/\/age-on-stage.de\/index.php?rest_route=\/wp\/v2\/pages\/75\/revisions"}],"predecessor-version":[{"id":186,"href":"http:\/\/age-on-stage.de\/index.php?rest_route=\/wp\/v2\/pages\/75\/revisions\/186"}],"wp:attachment":[{"href":"http:\/\/age-on-stage.de\/index.php?rest_route=%2Fwp%2Fv2%2Fmedia&parent=75"}],"curies":[{"name":"wp","href":"https:\/\/api.w.org\/{rel}","templated":true}]}}