{"id":71,"date":"2019-01-19T21:42:09","date_gmt":"2019-01-19T21:42:09","guid":{"rendered":"http:\/\/age-on-stage.de\/?page_id=71"},"modified":"2019-01-24T21:56:50","modified_gmt":"2019-01-24T21:56:50","slug":"christel","status":"publish","type":"page","link":"http:\/\/age-on-stage.de\/?page_id=71","title":{"rendered":"Christel"},"content":{"rendered":"\n<p>&#8230; ist immer noch das &#8222;K\u00fcken&#8220; der Combo, obwohl man ohne \u00dcbertreibung sagen kann, dass ihre Stimme in den vergangenen bald drei Jahrzehnten &#8222;AGE ON STAGE&#8220; voll ausgereift ist.<\/p>\n\n\n\n<div class=\"wp-block-image\"><figure class=\"alignleft\"><img loading=\"lazy\" decoding=\"async\" width=\"400\" height=\"433\" src=\"http:\/\/age-on-stage.de\/wp-content\/uploads\/2019\/01\/christel1.jpg\" alt=\"\" class=\"wp-image-44\" srcset=\"http:\/\/age-on-stage.de\/wp-content\/uploads\/2019\/01\/christel1.jpg 400w, http:\/\/age-on-stage.de\/wp-content\/uploads\/2019\/01\/christel1-277x300.jpg 277w\" sizes=\"auto, (max-width: 400px) 100vw, 400px\" \/><\/figure><\/div>\n\n\n\n<p style=\"text-align:left\">Sie ist repertoirem\u00e4\u00dfig nicht festgelegt, singt gerne auch mal jazzig, und die Freude am Gesang ist ihr nicht nur immer anzusehen, sie wirkt auch durchwegs ansteckend. Wie vom Publikum in den Neunzigern bis heute wiederholt best\u00e4tigt, beherrscht sie die gesamte Emotions-Klaviatur der Stimmb\u00e4nder, von den sanft  gehauchten Love-Song-Lines bis zur druckvollen Rock-R\u00f6hre, egal ob solo, \u00fcber, auf gleicher H\u00f6he oder unter der m\u00e4nnlichen Zweitstimme in der Band, in jedem Fall good vibrations und  G\u00e4nsehaut erzeugend.  <\/p>\n\n\n<p><!--EndFragment--><\/p>\n<p><\/p>","protected":false},"excerpt":{"rendered":"<p>&#8230; ist immer noch das &#8222;K\u00fcken&#8220; der Combo, obwohl man ohne \u00dcbertreibung sagen kann, dass ihre Stimme in den vergangenen bald drei Jahrzehnten &#8222;AGE ON STAGE&#8220; voll ausgereift ist. Sie ist repertoirem\u00e4\u00dfig nicht festgelegt, singt gerne auch mal jazzig, und die Freude am Gesang ist ihr nicht nur immer anzusehen, sie wirkt auch durchwegs ansteckend. &hellip; <\/p>\n<p class=\"link-more\"><a href=\"http:\/\/age-on-stage.de\/?page_id=71\" class=\"more-link\">Continue reading<span class=\"screen-reader-text\"> &#8222;Christel&#8220;<\/span><\/a><\/p>\n","protected":false},"author":1,"featured_media":0,"parent":0,"menu_order":0,"comment_status":"closed","ping_status":"closed","template":"","meta":{"footnotes":""},"class_list":["post-71","page","type-page","status-publish","hentry"],"_links":{"self":[{"href":"http:\/\/age-on-stage.de\/index.php?rest_route=\/wp\/v2\/pages\/71","targetHints":{"allow":["GET"]}}],"collection":[{"href":"http:\/\/age-on-stage.de\/index.php?rest_route=\/wp\/v2\/pages"}],"about":[{"href":"http:\/\/age-on-stage.de\/index.php?rest_route=\/wp\/v2\/types\/page"}],"author":[{"embeddable":true,"href":"http:\/\/age-on-stage.de\/index.php?rest_route=\/wp\/v2\/users\/1"}],"replies":[{"embeddable":true,"href":"http:\/\/age-on-stage.de\/index.php?rest_route=%2Fwp%2Fv2%2Fcomments&post=71"}],"version-history":[{"count":4,"href":"http:\/\/age-on-stage.de\/index.php?rest_route=\/wp\/v2\/pages\/71\/revisions"}],"predecessor-version":[{"id":144,"href":"http:\/\/age-on-stage.de\/index.php?rest_route=\/wp\/v2\/pages\/71\/revisions\/144"}],"wp:attachment":[{"href":"http:\/\/age-on-stage.de\/index.php?rest_route=%2Fwp%2Fv2%2Fmedia&parent=71"}],"curies":[{"name":"wp","href":"https:\/\/api.w.org\/{rel}","templated":true}]}}