{"id":69,"date":"2019-01-19T21:05:53","date_gmt":"2019-01-19T21:05:53","guid":{"rendered":"http:\/\/age-on-stage.de\/?page_id=69"},"modified":"2019-01-30T12:34:01","modified_gmt":"2019-01-30T12:34:01","slug":"armin","status":"publish","type":"page","link":"http:\/\/age-on-stage.de\/?page_id=69","title":{"rendered":"Armin"},"content":{"rendered":"\n<p>Mitte der Siebziger war f\u00fcr Armin klar: Ich will mitrocken! Kurzerhand entschied er sich zum Kauf eines Basses, wahrscheinlich doch nicht nur, weil er weniger Saiten als eine Gitarre hat.<\/p>\n\n\n\n<div class=\"wp-block-image\"><figure class=\"alignleft\"><img loading=\"lazy\" decoding=\"async\" width=\"400\" height=\"433\" src=\"http:\/\/age-on-stage.de\/wp-content\/uploads\/2019\/01\/armin1.jpg\" alt=\"\" class=\"wp-image-43\" srcset=\"http:\/\/age-on-stage.de\/wp-content\/uploads\/2019\/01\/armin1.jpg 400w, http:\/\/age-on-stage.de\/wp-content\/uploads\/2019\/01\/armin1-277x300.jpg 277w\" sizes=\"auto, (max-width: 400px) 100vw, 400px\" \/><\/figure><\/div>\n\n\n\n<p>Von nun an zupfte er in vielen bekannten Bands in und um Aschaffenburg wie <em>Sybenwurtz , Kaleidoscope , Stampede , April Cloud<\/em> &#8230;\u00a0bis hin zu den ersten Plattenaufnahmen mit einer Projektband.<br>Anfang der achtziger Jahre bekamen Familie und Beruf einen h\u00f6heren Stellenwert und das gute Instrument landete in einer Kellerecke. <br>Es wurde erst im Jahre 2012 wieder reaktiviert, die Kinder waren gro\u00df und Armin hatte sich in einer Party Rock Band anheuern lassen. Laut und heftig wie AGEs zuvor ging es wieder zur Sache und nach einem rauschenden und rockenden Sommerfest anl\u00e4sslich des 40j\u00e4hrigen Bestehens von <em>Kaleidoskop<\/em> wurde der Wunsch zur Wiederbelebung mit uns\u2018 Uwe an den Drums umgesetzt. So kam die Verbindung zu AGE ON STAGE. Als sich dort 2015\/16 eine l\u00e4ngere Probenpause wegen krankheitsdbedingtem Bassausfall aufgetan und zeitgleich die Reanimierung von <em>Kaleidoscope<\/em> doch nicht den gew\u00fcnschten Erfolg hatte, lag nichts n\u00e4her, als beide Bandreste rund um Uwe in seinem Keller zu vereinen. Der Spa\u00df an der Musi war f\u00fcr alle Beteiligten gerettet. Seitdem zieht Armin in der Bassk\u00fcche von AGE ON STAGE neue Saiten auf \u2026 und es groovt derart, dass wir zu neuen AGEs ON STAGE motiviert sind. H\u00f6rt selbst!  <\/p>\n\n\n<p><!--EndFragment--><\/p>\n<p><\/p>","protected":false},"excerpt":{"rendered":"<p>Mitte der Siebziger war f\u00fcr Armin klar: Ich will mitrocken! Kurzerhand entschied er sich zum Kauf eines Basses, wahrscheinlich doch nicht nur, weil er weniger Saiten als eine Gitarre hat. Von nun an zupfte er in vielen bekannten Bands in und um Aschaffenburg wie Sybenwurtz , Kaleidoscope , Stampede , April Cloud &#8230;\u00a0bis hin zu &hellip; <\/p>\n<p class=\"link-more\"><a href=\"http:\/\/age-on-stage.de\/?page_id=69\" class=\"more-link\">Continue reading<span class=\"screen-reader-text\"> &#8222;Armin&#8220;<\/span><\/a><\/p>\n","protected":false},"author":1,"featured_media":0,"parent":0,"menu_order":0,"comment_status":"closed","ping_status":"closed","template":"","meta":{"footnotes":""},"class_list":["post-69","page","type-page","status-publish","hentry"],"_links":{"self":[{"href":"http:\/\/age-on-stage.de\/index.php?rest_route=\/wp\/v2\/pages\/69","targetHints":{"allow":["GET"]}}],"collection":[{"href":"http:\/\/age-on-stage.de\/index.php?rest_route=\/wp\/v2\/pages"}],"about":[{"href":"http:\/\/age-on-stage.de\/index.php?rest_route=\/wp\/v2\/types\/page"}],"author":[{"embeddable":true,"href":"http:\/\/age-on-stage.de\/index.php?rest_route=\/wp\/v2\/users\/1"}],"replies":[{"embeddable":true,"href":"http:\/\/age-on-stage.de\/index.php?rest_route=%2Fwp%2Fv2%2Fcomments&post=69"}],"version-history":[{"count":4,"href":"http:\/\/age-on-stage.de\/index.php?rest_route=\/wp\/v2\/pages\/69\/revisions"}],"predecessor-version":[{"id":200,"href":"http:\/\/age-on-stage.de\/index.php?rest_route=\/wp\/v2\/pages\/69\/revisions\/200"}],"wp:attachment":[{"href":"http:\/\/age-on-stage.de\/index.php?rest_route=%2Fwp%2Fv2%2Fmedia&parent=69"}],"curies":[{"name":"wp","href":"https:\/\/api.w.org\/{rel}","templated":true}]}}