{"id":47,"date":"2019-01-19T17:23:18","date_gmt":"2019-01-19T17:23:18","guid":{"rendered":"http:\/\/age-on-stage.de\/?page_id=47"},"modified":"2019-06-06T14:40:18","modified_gmt":"2019-06-06T14:40:18","slug":"about","status":"publish","type":"page","link":"http:\/\/age-on-stage.de\/?page_id=47","title":{"rendered":"about"},"content":{"rendered":"\n<p>Infos \u00fcber die Band-Historie und die Mitglieder im Einzelnen<\/p>\n\n\n\n<ul class=\"wp-block-gallery columns-3 is-cropped wp-block-gallery-1 is-layout-flex wp-block-gallery-is-layout-flex\"><li class=\"blocks-gallery-item\"><figure><a href=\"http:\/\/age-on-stage.de\/?attachment_id=69\"><img decoding=\"async\" src=\"http:\/\/age-on-stage.de\/wp-content\/uploads\/2019\/01\/armin1.jpg\" alt=\"\" data-id=\"69\" data-link=\"http:\/\/age-on-stage.de\/?attachment_id=69\" class=\"wp-image-69\"\/><\/a><figcaption>Armin<\/figcaption><\/figure><\/li><li class=\"blocks-gallery-item\"><figure><a href=\"http:\/\/age-on-stage.de\/?attachment_id=71\"><img decoding=\"async\" src=\"http:\/\/age-on-stage.de\/wp-content\/uploads\/2019\/01\/christel1.jpg\" alt=\"\" data-id=\"71\" data-link=\"http:\/\/age-on-stage.de\/?attachment_id=71\" class=\"wp-image-71\"\/><\/a><figcaption>Christel<\/figcaption><\/figure><\/li><li class=\"blocks-gallery-item\"><figure><a href=\"http:\/\/age-on-stage.de\/?attachment_id=72\"><img decoding=\"async\" src=\"http:\/\/age-on-stage.de\/wp-content\/uploads\/2019\/01\/reiner1.jpg\" alt=\"\" data-id=\"72\" data-link=\"http:\/\/age-on-stage.de\/?attachment_id=72\" class=\"wp-image-72\"\/><\/a><figcaption>Reiner<\/figcaption><\/figure><\/li><li class=\"blocks-gallery-item\"><figure><a href=\"http:\/\/age-on-stage.de\/?attachment_id=35\"><img decoding=\"async\" src=\"http:\/\/age-on-stage.de\/wp-content\/uploads\/2019\/01\/uwe1.jpg\" alt=\"\" data-id=\"35\" data-link=\"http:\/\/age-on-stage.de\/?attachment_id=35\" class=\"wp-image-35\"\/><\/a><figcaption>Uwe<\/figcaption><\/figure><\/li><li class=\"blocks-gallery-item\"><figure><a href=\"http:\/\/age-on-stage.de\/?attachment_id=74\"><img decoding=\"async\" src=\"http:\/\/age-on-stage.de\/wp-content\/uploads\/2019\/01\/volker2.jpg\" alt=\"\" data-id=\"74\" data-link=\"http:\/\/age-on-stage.de\/?attachment_id=74\" class=\"wp-image-74\"\/><\/a><figcaption>Volker<\/figcaption><\/figure><\/li><li class=\"blocks-gallery-item\"><figure><a href=\"http:\/\/age-on-stage.de\/?attachment_id=75\"><img decoding=\"async\" src=\"http:\/\/age-on-stage.de\/wp-content\/uploads\/2019\/01\/wolfgang2.jpg\" alt=\"\" data-id=\"75\" data-link=\"http:\/\/age-on-stage.de\/?attachment_id=75\" class=\"wp-image-75\"\/><\/a><figcaption>Wolfgang<\/figcaption><\/figure><\/li><\/ul>\n\n\n<p><a name=\"history\"><\/a><\/p>\n\n\n<figure class=\"wp-block-image\"><img loading=\"lazy\" decoding=\"async\" width=\"1024\" height=\"427\" src=\"http:\/\/age-on-stage.de\/wp-content\/uploads\/2019\/01\/aos-header-1024x427.jpg\" alt=\"\" class=\"wp-image-8\" srcset=\"http:\/\/age-on-stage.de\/wp-content\/uploads\/2019\/01\/aos-header-1024x427.jpg 1024w, http:\/\/age-on-stage.de\/wp-content\/uploads\/2019\/01\/aos-header-300x125.jpg 300w, http:\/\/age-on-stage.de\/wp-content\/uploads\/2019\/01\/aos-header-768x320.jpg 768w\" sizes=\"auto, (max-width: 1024px) 100vw, 1024px\" \/><figcaption>AGE ON STAGE im &#8222;Stern&#8220; 23.02.2018<\/figcaption><\/figure>\n\n\n<h1>Band-Historie<\/h1>\n\n\n<p>AGE ON STAGE formiert sich Ende der 80er Jahre zun\u00e4chst als \u201eUnruh\u201c (Begleit-Combo der DGB-Song-Gruppe) aus Musikern, die schon in regional legend\u00e4ren Rock-Gruppen wie den \u201eMods\u201c (60er), \u201ePentagon\u201c(70er) oder dem \u201eChaotisch-Subversiven Unterhaltungs\u00ador\u00adchester\u201c (CSU, 80er) gespielt hatten. Auch Singer-Songwriter-Biographien sind dabei.<br>In den tiefen Probekellern Aschaffenburgs trifft man sich \u00fcber Jahr\u00adzehnte hinweg haupts\u00e4chlich aus Spa\u00df an der Freud zur Milz-Massage, bis vor einiger Zeit der eine oder andere Neuzugang dazu motivierte, wieder einmal ein Zeit\u00adalter der Popul\u00e4\u00e4r-Musik aus Blues-, Beat-und Rock-Elementen \u201eon stage\u201c zu bringen &#8211; von Armatrading bis Zappa.<\/p>\n\n\n\n<blockquote class=\"wp-block-quote is-layout-flow wp-block-quote-is-layout-flow\"><p> Nicht nur Clapton &#8211; auch Hendrix! Nicht nur Beatles &#8211; auch Stones! <\/p><\/blockquote>\n\n\n\n<p>Manche wollen auch schon jazzige Breaks und Phrasen geh\u00f6rt haben, obwohl zu den mitunter zweistimmigen Riffs der beiden Gitarren als einziges Blasinstrument hin und wieder die Blues-Harp st\u00f6\u00dft. All das nat\u00fcrlich immer auf dem groovig soliden Unterbau von Bass und Drums.<br>Stimmlich kann bei der Frontfrau r\u00f6hrenm\u00e4\u00dfig die Post abgehen. Sie kann aber auch einf\u00fchlsam zur\u00fcckgenommen \u2013 ob als Erst- oder Zweitstimme \u2013 good vibrations und G\u00e4nsehaut verbreiten.<\/p>\n\n\n\n<p>____________<br>Fotos oben au\u00dfer Volker:  \u00a9 Mike L\u00f6rler, ehem. AGE ON STAGE, heute <a href=\"https:\/\/tenofakind.jimdo.com\" target=\"_blank\">TEN OF A KIND<\/a><br><br><\/p>\n\n\n\n<div class=\"wp-block-image\"><figure class=\"aligncenter\"><img loading=\"lazy\" decoding=\"async\" width=\"600\" height=\"279\" src=\"http:\/\/age-on-stage.de\/wp-content\/uploads\/2019\/01\/AOS_19970622.jpg\" alt=\"\" class=\"wp-image-160\" srcset=\"http:\/\/age-on-stage.de\/wp-content\/uploads\/2019\/01\/AOS_19970622.jpg 600w, http:\/\/age-on-stage.de\/wp-content\/uploads\/2019\/01\/AOS_19970622-300x140.jpg 300w\" sizes=\"auto, (max-width: 600px) 100vw, 600px\" \/><figcaption>AGE ON STAGE 22.06.1997, Nilkheimer Park bei &#8222;Step In&#8216; Time&#8220; (Instrumental) <br>v.l. Henry, Mike, Uwe, Volker, Reiner, Helmut<\/figcaption><\/figure><\/div>\n\n\n\n<figure class=\"wp-block-image\"><img loading=\"lazy\" decoding=\"async\" width=\"910\" height=\"500\" src=\"http:\/\/age-on-stage.de\/wp-content\/uploads\/2019\/06\/soden-93-1.jpg\" alt=\"\" class=\"wp-image-222\" srcset=\"http:\/\/age-on-stage.de\/wp-content\/uploads\/2019\/06\/soden-93-1.jpg 910w, http:\/\/age-on-stage.de\/wp-content\/uploads\/2019\/06\/soden-93-1-300x165.jpg 300w, http:\/\/age-on-stage.de\/wp-content\/uploads\/2019\/06\/soden-93-1-768x422.jpg 768w\" sizes=\"auto, (max-width: 910px) 100vw, 910px\" \/><figcaption>Soden, Wanderheim, 1993: Uwe, Reiner, Christel, Volher, Mike, Wolfgang Brand<\/figcaption><\/figure>\n\n\n\n<figure class=\"wp-block-image\"><img loading=\"lazy\" decoding=\"async\" width=\"1021\" height=\"678\" src=\"http:\/\/age-on-stage.de\/wp-content\/uploads\/2019\/06\/glattbach91.jpg\" alt=\"\" class=\"wp-image-223\" srcset=\"http:\/\/age-on-stage.de\/wp-content\/uploads\/2019\/06\/glattbach91.jpg 1021w, http:\/\/age-on-stage.de\/wp-content\/uploads\/2019\/06\/glattbach91-300x199.jpg 300w, http:\/\/age-on-stage.de\/wp-content\/uploads\/2019\/06\/glattbach91-768x510.jpg 768w\" sizes=\"auto, (max-width: 1021px) 100vw, 1021px\" \/><figcaption>Glattbacher M\u00fchle 1991: Reiner, Uwe, Christel, Mike, Volker, Wolfgang Brand<\/figcaption><\/figure>\n\n\n\n<div class=\"wp-block-image\"><figure class=\"aligncenter\"><img loading=\"lazy\" decoding=\"async\" width=\"600\" height=\"403\" src=\"http:\/\/age-on-stage.de\/wp-content\/uploads\/2019\/01\/unruh1985_X_2.jpg\" alt=\"\" class=\"wp-image-159\" srcset=\"http:\/\/age-on-stage.de\/wp-content\/uploads\/2019\/01\/unruh1985_X_2.jpg 600w, http:\/\/age-on-stage.de\/wp-content\/uploads\/2019\/01\/unruh1985_X_2-300x202.jpg 300w\" sizes=\"auto, (max-width: 600px) 100vw, 600px\" \/><figcaption>&#8222;Unruh&#8220;, Friedensfest, Herbst 1985, im Gambrinus v.l.: Wolfgang Brand, Reiner Frankl, Dieter Imhof (Imi+, ex Pentagon), Werner Damm (ex Mods)<\/figcaption><\/figure><\/div>\n\n\n\n<p><br><\/p>\n","protected":false},"excerpt":{"rendered":"<p>Infos \u00fcber die Band-Historie und die Mitglieder im Einzelnen Band-Historie AGE ON STAGE formiert sich Ende der 80er Jahre zun\u00e4chst als \u201eUnruh\u201c (Begleit-Combo der DGB-Song-Gruppe) aus Musikern, die schon in regional legend\u00e4ren Rock-Gruppen wie den \u201eMods\u201c (60er), \u201ePentagon\u201c(70er) oder dem \u201eChaotisch-Subversiven Unterhaltungs\u00ador\u00adchester\u201c (CSU, 80er) gespielt hatten. Auch Singer-Songwriter-Biographien sind dabei.In den tiefen Probekellern Aschaffenburgs trifft &hellip; <\/p>\n<p class=\"link-more\"><a href=\"http:\/\/age-on-stage.de\/?page_id=47\" class=\"more-link\">Continue reading<span class=\"screen-reader-text\"> &#8222;about&#8220;<\/span><\/a><\/p>\n","protected":false},"author":1,"featured_media":0,"parent":0,"menu_order":0,"comment_status":"closed","ping_status":"closed","template":"template-full.php","meta":{"footnotes":""},"class_list":["post-47","page","type-page","status-publish","hentry"],"_links":{"self":[{"href":"http:\/\/age-on-stage.de\/index.php?rest_route=\/wp\/v2\/pages\/47","targetHints":{"allow":["GET"]}}],"collection":[{"href":"http:\/\/age-on-stage.de\/index.php?rest_route=\/wp\/v2\/pages"}],"about":[{"href":"http:\/\/age-on-stage.de\/index.php?rest_route=\/wp\/v2\/types\/page"}],"author":[{"embeddable":true,"href":"http:\/\/age-on-stage.de\/index.php?rest_route=\/wp\/v2\/users\/1"}],"replies":[{"embeddable":true,"href":"http:\/\/age-on-stage.de\/index.php?rest_route=%2Fwp%2Fv2%2Fcomments&post=47"}],"version-history":[{"count":29,"href":"http:\/\/age-on-stage.de\/index.php?rest_route=\/wp\/v2\/pages\/47\/revisions"}],"predecessor-version":[{"id":224,"href":"http:\/\/age-on-stage.de\/index.php?rest_route=\/wp\/v2\/pages\/47\/revisions\/224"}],"wp:attachment":[{"href":"http:\/\/age-on-stage.de\/index.php?rest_route=%2Fwp%2Fv2%2Fmedia&parent=47"}],"curies":[{"name":"wp","href":"https:\/\/api.w.org\/{rel}","templated":true}]}}