{"id":35,"date":"2019-01-19T16:42:44","date_gmt":"2019-01-19T16:42:44","guid":{"rendered":"http:\/\/age-on-stage.de\/?page_id=35"},"modified":"2019-01-24T21:40:12","modified_gmt":"2019-01-24T21:40:12","slug":"uwe","status":"publish","type":"page","link":"http:\/\/age-on-stage.de\/?page_id=35","title":{"rendered":"Uwe"},"content":{"rendered":"\n<p>Mike, der ja in der Begleitcombo der DGB-Song-Gruppe von der Klarinette zum Saxophon wechselte, schleppte seinen Kollegen Uwe an, als Imi aus der &#8222;Unruh&#8220; ausschied. Das Lehrer-Studium hatte Uwe den k\u00fchlen Nordseeinsulaner an den warmen Main verschlagen und jetzt erinnerte er sich, dass er zwanzig Jahre vorher dort oben mal ziemlich lange und heftig das Schlagzeug bearbeitet hatte &#8211; mit seinem Einstieg war AGE ON STAGE geboren.<\/p>\n\n\n\n<div class=\"wp-block-image\"><figure class=\"alignleft\"><img decoding=\"async\" src=\"http:\/\/age-on-stage.de\/wp-content\/uploads\/2019\/01\/uwe1.jpg\" alt=\"\" class=\"wp-image-36\"\/><\/figure><\/div>\n\n\n\n<p>Uns&#8216; Uwe spielt zwar nicht mit zwei Basedrums, war aber der Experte, den Ginger-Baker-Wums, den Imi mit reingebracht hatte, verst\u00e4rkt weiter zu treiben &#8211; zur Freude der Musiker und immer zahlreicher werdenden Fans.  Einer k\u00fcrte ihn schon in den Neunzigern zum &#8222;weltbesten Drummer&#8220; &#8230; <\/p>\n\n\n\n<p>Als Uwe sich dann vor einigen Jahren ein klein H\u00e4uschen angeschafft hat, hat er bei jeder Probe ein Heimspiel und f\u00fcr uns alle war die Zeit der tiefen, dunklen, k\u00fchlen und feuchten Probekeller in der Stadt vorbei &#8211; der Weg, raus aus dem Keller &#8211; back ON STAGE, ist eben und barrierefrei geworden &#8211; nicht unwichtig beim AGEing.<\/p>\n","protected":false},"excerpt":{"rendered":"<p>Mike, der ja in der Begleitcombo der DGB-Song-Gruppe von der Klarinette zum Saxophon wechselte, schleppte seinen Kollegen Uwe an, als Imi aus der &#8222;Unruh&#8220; ausschied. Das Lehrer-Studium hatte Uwe den k\u00fchlen Nordseeinsulaner an den warmen Main verschlagen und jetzt erinnerte er sich, dass er zwanzig Jahre vorher dort oben mal ziemlich lange und heftig das &hellip; <\/p>\n<p class=\"link-more\"><a href=\"http:\/\/age-on-stage.de\/?page_id=35\" class=\"more-link\">Continue reading<span class=\"screen-reader-text\"> &#8222;Uwe&#8220;<\/span><\/a><\/p>\n","protected":false},"author":1,"featured_media":0,"parent":0,"menu_order":0,"comment_status":"closed","ping_status":"closed","template":"","meta":{"footnotes":""},"class_list":["post-35","page","type-page","status-publish","hentry"],"_links":{"self":[{"href":"http:\/\/age-on-stage.de\/index.php?rest_route=\/wp\/v2\/pages\/35","targetHints":{"allow":["GET"]}}],"collection":[{"href":"http:\/\/age-on-stage.de\/index.php?rest_route=\/wp\/v2\/pages"}],"about":[{"href":"http:\/\/age-on-stage.de\/index.php?rest_route=\/wp\/v2\/types\/page"}],"author":[{"embeddable":true,"href":"http:\/\/age-on-stage.de\/index.php?rest_route=\/wp\/v2\/users\/1"}],"replies":[{"embeddable":true,"href":"http:\/\/age-on-stage.de\/index.php?rest_route=%2Fwp%2Fv2%2Fcomments&post=35"}],"version-history":[{"count":9,"href":"http:\/\/age-on-stage.de\/index.php?rest_route=\/wp\/v2\/pages\/35\/revisions"}],"predecessor-version":[{"id":184,"href":"http:\/\/age-on-stage.de\/index.php?rest_route=\/wp\/v2\/pages\/35\/revisions\/184"}],"wp:attachment":[{"href":"http:\/\/age-on-stage.de\/index.php?rest_route=%2Fwp%2Fv2%2Fmedia&parent=35"}],"curies":[{"name":"wp","href":"https:\/\/api.w.org\/{rel}","templated":true}]}}